{"id":5591,"date":"2024-04-22T00:00:13","date_gmt":"2024-04-21T21:00:13","guid":{"rendered":"https:\/\/dermazel.com\/?post_type=product&#038;p=5591"},"modified":"2024-05-01T13:54:39","modified_gmt":"2024-05-01T10:54:39","slug":"aloe-vera-sampuan","status":"publish","type":"product","link":"https:\/\/dermazel.com\/en\/product\/aloe-vera-sampuan\/","title":{"rendered":"Aloe Vera \u015eampuan"},"content":{"rendered":"<div data-elementor-type=\"product-post\" data-elementor-id=\"5591\" class=\"elementor elementor-5591\" data-elementor-post-type=\"product\">\n\t\t\t\t\t\t<section class=\"elementor-section elementor-top-section elementor-element elementor-element-9f55f7d elementor-section-boxed elementor-section-height-default elementor-section-height-default\" data-id=\"9f55f7d\" data-element_type=\"section\">\n\t\t\t\t\t\t<div class=\"elementor-container elementor-column-gap-default\">\n\t\t\t\t\t<div class=\"elementor-column elementor-col-50 elementor-top-column elementor-element elementor-element-b238d55\" data-id=\"b238d55\" data-element_type=\"column\">\n\t\t\t<div class=\"elementor-widget-wrap elementor-element-populated\">\n\t\t\t\t\t\t<section class=\"elementor-section elementor-inner-section elementor-element elementor-element-d7c3958 elementor-section-content-middle elementor-section-boxed elementor-section-height-default elementor-section-height-default\" data-id=\"d7c3958\" data-element_type=\"section\">\n\t\t\t\t\t\t<div class=\"elementor-container elementor-column-gap-default\">\n\t\t\t\t\t<div class=\"elementor-column elementor-col-50 elementor-inner-column elementor-element elementor-element-72c8be0\" data-id=\"72c8be0\" data-element_type=\"column\">\n\t\t\t<div class=\"elementor-widget-wrap elementor-element-populated\">\n\t\t\t\t\t\t<div class=\"elementor-element elementor-element-abbe260 elementor-widget elementor-widget-heading\" data-id=\"abbe260\" data-element_type=\"widget\" data-widget_type=\"heading.default\">\n\t\t\t\t<div class=\"elementor-widget-container\">\n\t\t\t\t\t<h2 class=\"elementor-heading-title elementor-size-default\">\u00dcr\u00fcn Faydalar\u0131<\/h2>\t\t\t\t<\/div>\n\t\t\t\t<\/div>\n\t\t\t\t<div class=\"elementor-element elementor-element-373f3ec elementor-widget elementor-widget-ube-list-icon\" data-id=\"373f3ec\" data-element_type=\"widget\" data-widget_type=\"ube-list-icon.default\">\n\t\t\t\t<div class=\"elementor-widget-container\">\n\t\t\t\t\t<ul class=\"ube-list-icon ube-list-icon-sm list-unstyled\">\n\t\t\t        <li class=\"list-icon-item\">\n\t\t\t                <span class=\"ube-list-icon-icon ube-icon\">\n\t\t\t\t\t<i class=\"fas fa-check\"><\/i>\t\t\t\t<\/span>\n\t\t\t\t\t\t\t\t\t\t\t\t\t<span class=\"ube-list-icon-title\">Sa\u00e7 D\u00f6k\u00fclmesini Azalt\u0131r<\/span>\t\t\t        <\/li>\n\t\t\t        <li class=\"list-icon-item\">\n\t\t\t                <span class=\"ube-list-icon-icon ube-icon\">\n\t\t\t\t\t<i class=\"fas fa-check\"><\/i>\t\t\t\t<\/span>\n\t\t\t\t\t\t\t\t\t\t\t\t\t<span class=\"ube-list-icon-title\">Derinlemesine Temizlik Sa\u011flar<\/span>\t\t\t        <\/li>\n\t\t\t        <li class=\"list-icon-item\">\n\t\t\t                <span class=\"ube-list-icon-icon ube-icon\">\n\t\t\t\t\t<i class=\"fas fa-check\"><\/i>\t\t\t\t<\/span>\n\t\t\t\t\t\t\t\t\t\t\t\t\t<span class=\"ube-list-icon-title\">Sa\u00e7lar\u0131n\u0131z\u0131 Kepeklerden Korur<\/span>\t\t\t        <\/li>\n\t\t\t        <li class=\"list-icon-item\">\n\t\t\t                <span class=\"ube-list-icon-icon ube-icon\">\n\t\t\t\t\t<i class=\"fas fa-check\"><\/i>\t\t\t\t<\/span>\n\t\t\t\t\t\t\t\t\t\t\t\t\t<span class=\"ube-list-icon-title\">Sa\u00e7 K\u0131r\u0131lmas\u0131n\u0131n \u00d6n\u00fcne Ge\u00e7er<\/span>\t\t\t        <\/li>\n\t<\/ul>\n\n\n\n\t\t\t\t<\/div>\n\t\t\t\t<\/div>\n\t\t\t\t\t<\/div>\n\t\t<\/div>\n\t\t\t\t<div class=\"elementor-column elementor-col-50 elementor-inner-column elementor-element elementor-element-ce6d26b\" data-id=\"ce6d26b\" data-element_type=\"column\">\n\t\t\t<div class=\"elementor-widget-wrap elementor-element-populated\">\n\t\t\t\t\t\t<div class=\"elementor-element elementor-element-9ef9950 elementor-widget elementor-widget-heading\" data-id=\"9ef9950\" data-element_type=\"widget\" data-widget_type=\"heading.default\">\n\t\t\t\t<div class=\"elementor-widget-container\">\n\t\t\t\t\t<h2 class=\"elementor-heading-title elementor-size-default\">Kullan\u0131m \u015eekli<\/h2>\t\t\t\t<\/div>\n\t\t\t\t<\/div>\n\t\t\t\t<div class=\"elementor-element elementor-element-7eaf330 elementor-widget elementor-widget-text-editor\" data-id=\"7eaf330\" data-element_type=\"widget\" data-widget_type=\"text-editor.default\">\n\t\t\t\t<div class=\"elementor-widget-container\">\n\t\t\t\t\t\t\t\t\t<p>Temiz, \u0131slak sa\u00e7a hafif\u00e7e masaij yaparak uygulan\u0131r,<br \/>1-2 dakika sa\u00e7\u0131n\u0131zda beklettikten sonra iyice durulan\u0131r.<br \/>G\u00fcnl\u00fck kullan\u0131ma uygundur. G\u00f6z ile temas\u0131 halinde<br \/>bol su ile durulay\u0131n\u0131z.<\/p>\t\t\t\t\t\t\t\t<\/div>\n\t\t\t\t<\/div>\n\t\t\t\t\t<\/div>\n\t\t<\/div>\n\t\t\t\t\t<\/div>\n\t\t<\/section>\n\t\t\t\t<div class=\"elementor-element elementor-element-1afa649 elementor-widget elementor-widget-heading\" data-id=\"1afa649\" data-element_type=\"widget\" data-widget_type=\"heading.default\">\n\t\t\t\t<div class=\"elementor-widget-container\">\n\t\t\t\t\t<h2 class=\"elementor-heading-title elementor-size-default\">Organik  Aloe Vera \u015eampuan<\/h2>\t\t\t\t<\/div>\n\t\t\t\t<\/div>\n\t\t\t\t<div class=\"elementor-element elementor-element-2977204 elementor-widget elementor-widget-text-editor\" data-id=\"2977204\" data-element_type=\"widget\" data-widget_type=\"text-editor.default\">\n\t\t\t\t<div class=\"elementor-widget-container\">\n\t\t\t\t\t\t\t\t\t<p>DERMAZEL Aloe Vera Yo\u011fun Bak\u0131m Bitkisel \u015eampuan zengin protein, vitamin,<br \/>mineral i\u00e7eri\u011fiyle bilinen Spirulina, % 100 saf Aloe Vera, aromatik ya\u011flar ve bitki<br \/>ekstresi ile \u00f6zel olarak form\u00fcle edilmi\u015f bir \u015fampuand\u0131r.<\/p><p>Aloe vera, binlerce y\u0131ld\u0131r kullan\u0131lan do\u011fal bir bitki olup, sa\u011fl\u0131\u011fa pek \u00e7ok faydas\u0131 olan <br \/>bir mucize bitkidir. Aloe vera bitkisinin i\u00e7 yapraklar\u0131ndan elde edilen jel, i\u00e7erisinde su,<br \/>amino asitler, vitaminler (A, C, E, B grubu vitaminleri) ve mineraller<br \/>(kalsiyum, magnezyum, sodyum, potasyum gibi) gibi besin maddelerini i\u00e7erir.<br \/>Bu i\u00e7erik sayesinde aloe vera, sa\u00e7lar\u0131n do\u011fal bak\u0131m\u0131 sa\u011flam\u0131\u015f olur.<\/p>\t\t\t\t\t\t\t\t<\/div>\n\t\t\t\t<\/div>\n\t\t\t\t<div class=\"elementor-element elementor-element-de0cf77 elementor-widget elementor-widget-image\" data-id=\"de0cf77\" data-element_type=\"widget\" data-widget_type=\"image.default\">\n\t\t\t\t<div class=\"elementor-widget-container\">\n\t\t\t\t\t\t\t\t\t\t\t\t\t\t\t<span class=\"g5core__lazy-image\" style=\"--g5-lazy-image-width: 474px;--g5-lazy-image-height: 31.645569620253%\"><img fetchpriority=\"high\" decoding=\"async\" width=\"474\" height=\"150\" src=\"https:\/\/dermazel.com\/wp-content\/plugins\/g5-core\/assets\/images\/placeholder-transparent.png\" class=\"attachment-large size-large wp-image-5616 g5core__ll-image\" alt=\"\" data-src=\"https:\/\/dermazel.com\/wp-content\/uploads\/2024\/04\/iso2.png\" data-srcset=\"https:\/\/dermazel.com\/wp-content\/uploads\/2024\/04\/iso2.png 474w, https:\/\/dermazel.com\/wp-content\/uploads\/2024\/04\/iso2-300x95.png 300w\" data-sizes=\"(max-width: 474px) 100vw, 474px\" \/><\/span>\t\t\t\t\t\t\t\t\t\t\t\t\t\t\t<\/div>\n\t\t\t\t<\/div>\n\t\t\t\t\t<\/div>\n\t\t<\/div>\n\t\t\t\t<div class=\"elementor-column elementor-col-50 elementor-top-column elementor-element elementor-element-6813dde\" data-id=\"6813dde\" data-element_type=\"column\">\n\t\t\t<div class=\"elementor-widget-wrap elementor-element-populated\">\n\t\t\t\t\t\t<div class=\"elementor-element elementor-element-db5cfa0 elementor-widget elementor-widget-image\" data-id=\"db5cfa0\" data-element_type=\"widget\" data-widget_type=\"image.default\">\n\t\t\t\t<div class=\"elementor-widget-container\">\n\t\t\t\t\t\t\t\t\t\t\t\t\t\t\t<span class=\"g5core__lazy-image\" style=\"--g5-lazy-image-width: 579px;--g5-lazy-image-height: 74.611398963731%\"><img decoding=\"async\" width=\"579\" height=\"432\" src=\"https:\/\/dermazel.com\/wp-content\/plugins\/g5-core\/assets\/images\/placeholder-transparent.png\" class=\"attachment-medium_large size-medium_large wp-image-5652 g5core__ll-image\" alt=\"\" data-src=\"https:\/\/dermazel.com\/wp-content\/uploads\/2024\/04\/aloea.png\" data-srcset=\"https:\/\/dermazel.com\/wp-content\/uploads\/2024\/04\/aloea.png 579w, https:\/\/dermazel.com\/wp-content\/uploads\/2024\/04\/aloea-300x224.png 300w\" data-sizes=\"(max-width: 579px) 100vw, 579px\" \/><\/span>\t\t\t\t\t\t\t\t\t\t\t\t\t\t\t<\/div>\n\t\t\t\t<\/div>\n\t\t\t\t<div class=\"elementor-element elementor-element-cc11b4a elementor-widget elementor-widget-image\" data-id=\"cc11b4a\" data-element_type=\"widget\" data-widget_type=\"image.default\">\n\t\t\t\t<div class=\"elementor-widget-container\">\n\t\t\t\t\t\t\t\t\t\t\t\t\t\t\t<span class=\"g5core__lazy-image\" style=\"--g5-lazy-image-width: 579px;--g5-lazy-image-height: 74.611398963731%\"><img decoding=\"async\" width=\"579\" height=\"432\" src=\"https:\/\/dermazel.com\/wp-content\/plugins\/g5-core\/assets\/images\/placeholder-transparent.png\" class=\"attachment-medium_large size-medium_large wp-image-5653 g5core__ll-image\" alt=\"\" data-src=\"https:\/\/dermazel.com\/wp-content\/uploads\/2024\/04\/alove3a.png\" data-srcset=\"https:\/\/dermazel.com\/wp-content\/uploads\/2024\/04\/alove3a.png 579w, https:\/\/dermazel.com\/wp-content\/uploads\/2024\/04\/alove3a-300x224.png 300w\" data-sizes=\"(max-width: 579px) 100vw, 579px\" \/><\/span>\t\t\t\t\t\t\t\t\t\t\t\t\t\t\t<\/div>\n\t\t\t\t<\/div>\n\t\t\t\t\t<\/div>\n\t\t<\/div>\n\t\t\t\t\t<\/div>\n\t\t<\/section>\n\t\t\t\t<\/div>","protected":false},"excerpt":{"rendered":"<div data-elementor-type=\"section\" data-elementor-id=\"5602\" class=\"elementor elementor-5602\" data-elementor-post-type=\"elementor_library\">\n<section class=\"elementor-section elementor-top-section elementor-element elementor-element-efec8f5 elementor-section-boxed elementor-section-height-default elementor-section-height-default\" data-id=\"efec8f5\" data-element_type=\"section\">\n<div class=\"elementor-container elementor-column-gap-default\">\n<div class=\"elementor-column elementor-col-100 elementor-top-column elementor-element elementor-element-fe37f08\" data-id=\"fe37f08\" data-element_type=\"column\">\n<div class=\"elementor-widget-wrap elementor-element-populated\">\n<div class=\"elementor-element elementor-element-83c84e2 elementor-widget elementor-widget-image\" data-id=\"83c84e2\" data-element_type=\"widget\" data-widget_type=\"image.default\">\n<div class=\"elementor-widget-container\">\n\t\t\t\t\t\t\t\t\t\t\t\t\t\t\t<span class=\"g5core__lazy-image\" style=\"--g5-lazy-image-width: 297px;--g5-lazy-image-height: 50.505050505051%\"><img loading=\"lazy\" decoding=\"async\" width=\"297\" height=\"150\" src=\"https:\/\/dermazel.com\/wp-content\/plugins\/g5-core\/assets\/images\/placeholder-transparent.png\" class=\"attachment-large size-large wp-image-5603 g5core__ll-image\" alt=\"\" data-src=\"https:\/\/dermazel.com\/wp-content\/uploads\/2024\/04\/vegan.png\" \/><\/span>\t\t\t\t\t\t\t\t\t\t\t\t\t\t\t<\/div>\n<\/p><\/div>\n<div class=\"elementor-element elementor-element-46be2ca elementor-widget elementor-widget-woocommerce-product-title elementor-page-title elementor-widget-heading\" data-id=\"46be2ca\" data-element_type=\"widget\" data-widget_type=\"woocommerce-product-title.default\">\n<div class=\"elementor-widget-container\">\n<h1 class=\"product_title entry-title elementor-heading-title elementor-size-default\">Aloe Vera \u015eampuan<\/h1>\n<\/p><\/div>\n<\/p><\/div>\n<div class=\"elementor-element elementor-element-ec75f4a elementor-widget elementor-widget-heading\" data-id=\"ec75f4a\" data-element_type=\"widget\" data-widget_type=\"heading.default\">\n<div class=\"elementor-widget-container\">\n<h2 class=\"elementor-heading-title elementor-size-default\">Yo\u011fun Bak\u0131m Bitkisel Sa\u00e7 Kremi<br \/>\n<\/h2>\n<\/p><\/div>\n<\/p><\/div>\n<div class=\"elementor-element elementor-element-cdcc0ac elementor-widget elementor-widget-text-editor\" data-id=\"cdcc0ac\" data-element_type=\"widget\" data-widget_type=\"text-editor.default\">\n<div class=\"elementor-widget-container\">\n<ul>\n<li>T\u00fcm Sa\u00e7 Tipleri \u0130\u00e7in Uygun<\/li>\n<li>Paraben \u0130\u00e7ermez <\/li>\n<li>Vegan<\/li>\n<\/ul><\/div>\n<\/p><\/div>\n<div class=\"elementor-element elementor-element-78bebfc elementor-widget elementor-widget-image\" data-id=\"78bebfc\" data-element_type=\"widget\" data-widget_type=\"image.default\">\n<div class=\"elementor-widget-container\">\n\t\t\t\t\t\t\t\t\t\t\t\t\t\t\t<span class=\"g5core__lazy-image\" style=\"--g5-lazy-image-width: 500px;--g5-lazy-image-height: 15.8%\"><img loading=\"lazy\" decoding=\"async\" width=\"500\" height=\"79\" src=\"https:\/\/dermazel.com\/wp-content\/plugins\/g5-core\/assets\/images\/placeholder-transparent.png\" class=\"attachment-large size-large wp-image-5632 g5core__ll-image\" alt=\"\" data-src=\"https:\/\/dermazel.com\/wp-content\/uploads\/2024\/04\/aloe4.png\" data-srcset=\"https:\/\/dermazel.com\/wp-content\/uploads\/2024\/04\/aloe4.png 500w, https:\/\/dermazel.com\/wp-content\/uploads\/2024\/04\/aloe4-300x47.png 300w\" data-sizes=\"(max-width: 500px) 100vw, 500px\" \/><\/span>\t\t\t\t\t\t\t\t\t\t\t\t\t\t\t<\/div>\n<\/p><\/div>\n<\/p><\/div>\n<\/p><\/div>\n<\/p><\/div>\n<\/section><\/div>","protected":false},"featured_media":5601,"comment_status":"open","ping_status":"closed","template":"","meta":[],"product_brand":[],"product_cat":[101],"product_tag":[],"class_list":{"0":"post-5591","1":"product","2":"type-product","3":"status-publish","4":"has-post-thumbnail","6":"product_cat-sac-bakimi","8":"first","9":"instock","10":"shipping-taxable","11":"purchasable","12":"product-type-simple"},"_links":{"self":[{"href":"https:\/\/dermazel.com\/en\/wp-json\/wp\/v2\/product\/5591","targetHints":{"allow":["GET"]}}],"collection":[{"href":"https:\/\/dermazel.com\/en\/wp-json\/wp\/v2\/product"}],"about":[{"href":"https:\/\/dermazel.com\/en\/wp-json\/wp\/v2\/types\/product"}],"replies":[{"embeddable":true,"href":"https:\/\/dermazel.com\/en\/wp-json\/wp\/v2\/comments?post=5591"}],"version-history":[{"count":27,"href":"https:\/\/dermazel.com\/en\/wp-json\/wp\/v2\/product\/5591\/revisions"}],"predecessor-version":[{"id":5972,"href":"https:\/\/dermazel.com\/en\/wp-json\/wp\/v2\/product\/5591\/revisions\/5972"}],"wp:featuredmedia":[{"embeddable":true,"href":"https:\/\/dermazel.com\/en\/wp-json\/wp\/v2\/media\/5601"}],"wp:attachment":[{"href":"https:\/\/dermazel.com\/en\/wp-json\/wp\/v2\/media?parent=5591"}],"wp:term":[{"taxonomy":"product_brand","embeddable":true,"href":"https:\/\/dermazel.com\/en\/wp-json\/wp\/v2\/product_brand?post=5591"},{"taxonomy":"product_cat","embeddable":true,"href":"https:\/\/dermazel.com\/en\/wp-json\/wp\/v2\/product_cat?post=5591"},{"taxonomy":"product_tag","embeddable":true,"href":"https:\/\/dermazel.com\/en\/wp-json\/wp\/v2\/product_tag?post=5591"}],"curies":[{"name":"wp","href":"https:\/\/api.w.org\/{rel}","templated":true}]}}