{"id":5563,"date":"2024-04-21T23:42:47","date_gmt":"2024-04-21T20:42:47","guid":{"rendered":"https:\/\/dermazel.com\/?post_type=product&#038;p=5563"},"modified":"2024-07-19T11:11:44","modified_gmt":"2024-07-19T08:11:44","slug":"dermazel-spirulina-chlorella","status":"publish","type":"product","link":"https:\/\/dermazel.com\/en\/product\/dermazel-spirulina-chlorella\/","title":{"rendered":"Dermazel Spirulina Chlorella"},"content":{"rendered":"<div data-elementor-type=\"product-post\" data-elementor-id=\"5563\" class=\"elementor elementor-5563\" data-elementor-post-type=\"product\">\n\t\t\t\t\t\t<section class=\"elementor-section elementor-top-section elementor-element elementor-element-9f55f7d elementor-section-boxed elementor-section-height-default elementor-section-height-default\" data-id=\"9f55f7d\" data-element_type=\"section\">\n\t\t\t\t\t\t<div class=\"elementor-container elementor-column-gap-default\">\n\t\t\t\t\t<div class=\"elementor-column elementor-col-50 elementor-top-column elementor-element elementor-element-b238d55\" data-id=\"b238d55\" data-element_type=\"column\">\n\t\t\t<div class=\"elementor-widget-wrap elementor-element-populated\">\n\t\t\t\t\t\t<section class=\"elementor-section elementor-inner-section elementor-element elementor-element-d7c3958 elementor-section-content-middle elementor-section-boxed elementor-section-height-default elementor-section-height-default\" data-id=\"d7c3958\" data-element_type=\"section\">\n\t\t\t\t\t\t<div class=\"elementor-container elementor-column-gap-default\">\n\t\t\t\t\t<div class=\"elementor-column elementor-col-50 elementor-inner-column elementor-element elementor-element-72c8be0\" data-id=\"72c8be0\" data-element_type=\"column\">\n\t\t\t<div class=\"elementor-widget-wrap elementor-element-populated\">\n\t\t\t\t\t\t<div class=\"elementor-element elementor-element-abbe260 elementor-widget elementor-widget-heading\" data-id=\"abbe260\" data-element_type=\"widget\" data-widget_type=\"heading.default\">\n\t\t\t\t<div class=\"elementor-widget-container\">\n\t\t\t\t\t<h2 class=\"elementor-heading-title elementor-size-default\">\u00dcr\u00fcn Faydalar\u0131<\/h2>\t\t\t\t<\/div>\n\t\t\t\t<\/div>\n\t\t\t\t<div class=\"elementor-element elementor-element-373f3ec elementor-widget elementor-widget-ube-list-icon\" data-id=\"373f3ec\" data-element_type=\"widget\" data-widget_type=\"ube-list-icon.default\">\n\t\t\t\t<div class=\"elementor-widget-container\">\n\t\t\t\t\t<ul class=\"ube-list-icon ube-list-icon-sm list-unstyled\">\n\t\t\t        <li class=\"list-icon-item\">\n\t\t\t                <span class=\"ube-list-icon-icon ube-icon\">\n\t\t\t\t\t<i class=\"fas fa-check\"><\/i>\t\t\t\t<\/span>\n\t\t\t\t\t\t\t\t\t\t\t\t\t<span class=\"ube-list-icon-title\">Zengin Vitamin Kayna\u011f\u0131<\/span>\t\t\t        <\/li>\n\t\t\t        <li class=\"list-icon-item\">\n\t\t\t                <span class=\"ube-list-icon-icon ube-icon\">\n\t\t\t\t\t<i class=\"fas fa-check\"><\/i>\t\t\t\t<\/span>\n\t\t\t\t\t\t\t\t\t\t\t\t\t<span class=\"ube-list-icon-title\">Y\u00fcksek Protein \u0130\u00e7eri\u011fi<\/span>\t\t\t        <\/li>\n\t\t\t        <li class=\"list-icon-item\">\n\t\t\t                <span class=\"ube-list-icon-icon ube-icon\">\n\t\t\t\t\t<i class=\"fas fa-check\"><\/i>\t\t\t\t<\/span>\n\t\t\t\t\t\t\t\t\t\t\t\t\t<span class=\"ube-list-icon-title\">Detoks Etkisi<\/span>\t\t\t        <\/li>\n\t\t\t        <li class=\"list-icon-item\">\n\t\t\t                <span class=\"ube-list-icon-icon ube-icon\">\n\t\t\t\t\t<i class=\"fas fa-check\"><\/i>\t\t\t\t<\/span>\n\t\t\t\t\t\t\t\t\t\t\t\t\t<span class=\"ube-list-icon-title\">G\u00fc\u00e7l\u00fc Ba\u011f\u0131\u015f\u0131kl\u0131k Sistemi<\/span>\t\t\t        <\/li>\n\t<\/ul>\n\n\n\n\t\t\t\t<\/div>\n\t\t\t\t<\/div>\n\t\t\t\t\t<\/div>\n\t\t<\/div>\n\t\t\t\t<div class=\"elementor-column elementor-col-50 elementor-inner-column elementor-element elementor-element-ce6d26b\" data-id=\"ce6d26b\" data-element_type=\"column\">\n\t\t\t<div class=\"elementor-widget-wrap elementor-element-populated\">\n\t\t\t\t\t\t<div class=\"elementor-element elementor-element-9ef9950 elementor-widget elementor-widget-heading\" data-id=\"9ef9950\" data-element_type=\"widget\" data-widget_type=\"heading.default\">\n\t\t\t\t<div class=\"elementor-widget-container\">\n\t\t\t\t\t<h2 class=\"elementor-heading-title elementor-size-default\">Kullan\u0131m \u015eekli<\/h2>\t\t\t\t<\/div>\n\t\t\t\t<\/div>\n\t\t\t\t<div class=\"elementor-element elementor-element-7eaf330 elementor-widget elementor-widget-text-editor\" data-id=\"7eaf330\" data-element_type=\"widget\" data-widget_type=\"text-editor.default\">\n\t\t\t\t<div class=\"elementor-widget-container\">\n\t\t\t\t\t\t\t\t\tSmoothie, milkshake,meyve suyu gibi i\u00e7eceklere\nkar\u0131\u015ft\u0131r\u0131p i\u00e7ebilirsiniz.\nPasta, kek, salata ve yo\u011furt gibi yiyeceklere ekleyip\nt\u00fcketebilirsiniz. \t\t\t\t\t\t\t\t<\/div>\n\t\t\t\t<\/div>\n\t\t\t\t\t<\/div>\n\t\t<\/div>\n\t\t\t\t\t<\/div>\n\t\t<\/section>\n\t\t\t\t<div class=\"elementor-element elementor-element-1afa649 elementor-widget elementor-widget-heading\" data-id=\"1afa649\" data-element_type=\"widget\" data-widget_type=\"heading.default\">\n\t\t\t\t<div class=\"elementor-widget-container\">\n\t\t\t\t\t<h2 class=\"elementor-heading-title elementor-size-default\">Dermazel Organik Spirulina Chlorella<\/h2>\t\t\t\t<\/div>\n\t\t\t\t<\/div>\n\t\t\t\t<div class=\"elementor-element elementor-element-2977204 elementor-widget elementor-widget-text-editor\" data-id=\"2977204\" data-element_type=\"widget\" data-widget_type=\"text-editor.default\">\n\t\t\t\t<div class=\"elementor-widget-container\">\n\t\t\t\t\t\t\t\t\tSpirulina ve Chlorella, iki pop\u00fcler mikroalg t\u00fcr\u00fcd\u00fcr ve her ikisi de besin takviyeleri olarak\nkullan\u0131l\u0131rlar. \u0130kisi de ye\u015fil s\u00fcper g\u0131dalar olarak bilinirler.\n\nMavi-ye\u015fil alg olan Spirulina, i\u00e7erdi\u011fi y\u00fcksek miktarda protein, B vitaminleri, demir ve\ndi\u011fer mineraller i\u00e7ermektedir. Ayr\u0131ca, antioksidan \u00f6zellikleri ve ba\u011f\u0131\u015f\u0131kl\u0131k sistemini\ndestekleme potansiyeline sahiptirler.\n\nYe\u015fil alg olan Chlorella, tatl\u0131 su havuzlar\u0131nda yeti\u015ftirilir. Protein, demir, omega-3\nya\u011f asitleri, lif ve bir dizi vitamin ve mineral bak\u0131m\u0131ndan zengindir.\nAyr\u0131ca, v\u00fccuttaki a\u011f\u0131r metalleri ve toksinleri emme yetene\u011fi ile de bilinir.\n\nNOT: Herhangi bir sa\u011fl\u0131k durumunu tedavi etmek i\u00e7in kullanmadan \u00f6nce bir sa\u011fl\u0131k\nuzman\u0131na dan\u0131\u015fmak \u00f6nemlidir.\t\t\t\t\t\t\t\t<\/div>\n\t\t\t\t<\/div>\n\t\t\t\t<div class=\"elementor-element elementor-element-de0cf77 elementor-widget elementor-widget-image\" data-id=\"de0cf77\" data-element_type=\"widget\" data-widget_type=\"image.default\">\n\t\t\t\t<div class=\"elementor-widget-container\">\n\t\t\t\t\t\t\t\t\t\t\t\t\t\t\t<span class=\"g5core__lazy-image\" style=\"--g5-lazy-image-width: 461px;--g5-lazy-image-height: 32.537960954447%\"><img fetchpriority=\"high\" decoding=\"async\" width=\"461\" height=\"150\" src=\"https:\/\/dermazel.com\/wp-content\/plugins\/g5-core\/assets\/images\/placeholder-transparent.png\" class=\"attachment-large size-large wp-image-5550 g5core__ll-image\" alt=\"\" data-src=\"https:\/\/dermazel.com\/wp-content\/uploads\/2024\/04\/iso.png\" data-srcset=\"https:\/\/dermazel.com\/wp-content\/uploads\/2024\/04\/iso.png 461w, https:\/\/dermazel.com\/wp-content\/uploads\/2024\/04\/iso-300x98.png 300w\" data-sizes=\"(max-width: 461px) 100vw, 461px\" \/><\/span>\t\t\t\t\t\t\t\t\t\t\t\t\t\t\t<\/div>\n\t\t\t\t<\/div>\n\t\t\t\t\t<\/div>\n\t\t<\/div>\n\t\t\t\t<div class=\"elementor-column elementor-col-50 elementor-top-column elementor-element elementor-element-6813dde\" data-id=\"6813dde\" data-element_type=\"column\">\n\t\t\t<div class=\"elementor-widget-wrap elementor-element-populated\">\n\t\t\t\t\t\t<div class=\"elementor-element elementor-element-db5cfa0 elementor-widget elementor-widget-image\" data-id=\"db5cfa0\" data-element_type=\"widget\" data-widget_type=\"image.default\">\n\t\t\t\t<div class=\"elementor-widget-container\">\n\t\t\t\t\t\t\t\t\t\t\t\t\t\t\t<span class=\"g5core__lazy-image\" style=\"--g5-lazy-image-width: 500px;--g5-lazy-image-height: 100%\"><img decoding=\"async\" width=\"500\" height=\"500\" src=\"https:\/\/dermazel.com\/wp-content\/plugins\/g5-core\/assets\/images\/placeholder-transparent.png\" class=\"attachment-medium_large size-medium_large wp-image-5581 g5core__ll-image\" alt=\"\" data-src=\"https:\/\/dermazel.com\/wp-content\/uploads\/2024\/04\/v1.png\" data-srcset=\"https:\/\/dermazel.com\/wp-content\/uploads\/2024\/04\/v1.png 500w, https:\/\/dermazel.com\/wp-content\/uploads\/2024\/04\/v1-300x300.png 300w, https:\/\/dermazel.com\/wp-content\/uploads\/2024\/04\/v1-150x150.png 150w\" data-sizes=\"(max-width: 500px) 100vw, 500px\" \/><\/span>\t\t\t\t\t\t\t\t\t\t\t\t\t\t\t<\/div>\n\t\t\t\t<\/div>\n\t\t\t\t<div class=\"elementor-element elementor-element-cc11b4a elementor-widget elementor-widget-image\" data-id=\"cc11b4a\" data-element_type=\"widget\" data-widget_type=\"image.default\">\n\t\t\t\t<div class=\"elementor-widget-container\">\n\t\t\t\t\t\t\t\t\t\t\t\t\t\t\t<span class=\"g5core__lazy-image\" style=\"--g5-lazy-image-width: 500px;--g5-lazy-image-height: 100%\"><img decoding=\"async\" width=\"500\" height=\"500\" src=\"https:\/\/dermazel.com\/wp-content\/plugins\/g5-core\/assets\/images\/placeholder-transparent.png\" class=\"attachment-medium_large size-medium_large wp-image-5582 g5core__ll-image\" alt=\"\" data-src=\"https:\/\/dermazel.com\/wp-content\/uploads\/2024\/04\/v2.png\" data-srcset=\"https:\/\/dermazel.com\/wp-content\/uploads\/2024\/04\/v2.png 500w, https:\/\/dermazel.com\/wp-content\/uploads\/2024\/04\/v2-300x300.png 300w, https:\/\/dermazel.com\/wp-content\/uploads\/2024\/04\/v2-150x150.png 150w\" data-sizes=\"(max-width: 500px) 100vw, 500px\" \/><\/span>\t\t\t\t\t\t\t\t\t\t\t\t\t\t\t<\/div>\n\t\t\t\t<\/div>\n\t\t\t\t\t<\/div>\n\t\t<\/div>\n\t\t\t\t\t<\/div>\n\t\t<\/section>\n\t\t\t\t<\/div>","protected":false},"excerpt":{"rendered":"<div data-elementor-type=\"section\" data-elementor-id=\"5574\" class=\"elementor elementor-5574\" data-elementor-post-type=\"elementor_library\">\n<section class=\"elementor-section elementor-top-section elementor-element elementor-element-e374143 elementor-section-boxed elementor-section-height-default elementor-section-height-default\" data-id=\"e374143\" data-element_type=\"section\">\n<div class=\"elementor-container elementor-column-gap-default\">\n<div class=\"elementor-column elementor-col-100 elementor-top-column elementor-element elementor-element-899b278\" data-id=\"899b278\" data-element_type=\"column\">\n<div class=\"elementor-widget-wrap elementor-element-populated\">\n<div class=\"elementor-element elementor-element-0c07548 elementor-widget elementor-widget-woocommerce-product-title elementor-page-title elementor-widget-heading\" data-id=\"0c07548\" data-element_type=\"widget\" data-widget_type=\"woocommerce-product-title.default\">\n<div class=\"elementor-widget-container\">\n<h1 class=\"product_title entry-title elementor-heading-title elementor-size-default\">Dermazel Spirulina Chlorella<\/h1>\n<\/p><\/div>\n<\/p><\/div>\n<div class=\"elementor-element elementor-element-e6dbf51 elementor-widget elementor-widget-heading\" data-id=\"e6dbf51\" data-element_type=\"widget\" data-widget_type=\"heading.default\">\n<div class=\"elementor-widget-container\">\n<h2 class=\"elementor-heading-title elementor-size-default\">Blue &amp; Green Alg-Green Alg<\/h2>\n<\/p><\/div>\n<\/p><\/div>\n<div class=\"elementor-element elementor-element-f14b053 elementor-widget elementor-widget-text-editor\" data-id=\"f14b053\" data-element_type=\"widget\" data-widget_type=\"text-editor.default\">\n<div class=\"elementor-widget-container\">\n<ul>\n<li>Lif Kayna\u011f\u0131<\/li>\n<li>Vegan<\/li>\n<li>Y\u00fcksek Protein<\/li>\n<\/ul><\/div>\n<\/p><\/div>\n<\/p><\/div>\n<\/p><\/div>\n<\/p><\/div>\n<\/section><\/div>","protected":false},"featured_media":5586,"comment_status":"open","ping_status":"closed","template":"","meta":[],"product_brand":[],"product_cat":[98],"product_tag":[],"class_list":{"0":"post-5563","1":"product","2":"type-product","3":"status-publish","4":"has-post-thumbnail","6":"product_cat-gida-takviyesi","8":"first","9":"instock","10":"shipping-taxable","11":"purchasable","12":"product-type-simple"},"_links":{"self":[{"href":"https:\/\/dermazel.com\/en\/wp-json\/wp\/v2\/product\/5563","targetHints":{"allow":["GET"]}}],"collection":[{"href":"https:\/\/dermazel.com\/en\/wp-json\/wp\/v2\/product"}],"about":[{"href":"https:\/\/dermazel.com\/en\/wp-json\/wp\/v2\/types\/product"}],"replies":[{"embeddable":true,"href":"https:\/\/dermazel.com\/en\/wp-json\/wp\/v2\/comments?post=5563"}],"version-history":[{"count":11,"href":"https:\/\/dermazel.com\/en\/wp-json\/wp\/v2\/product\/5563\/revisions"}],"predecessor-version":[{"id":5966,"href":"https:\/\/dermazel.com\/en\/wp-json\/wp\/v2\/product\/5563\/revisions\/5966"}],"wp:featuredmedia":[{"embeddable":true,"href":"https:\/\/dermazel.com\/en\/wp-json\/wp\/v2\/media\/5586"}],"wp:attachment":[{"href":"https:\/\/dermazel.com\/en\/wp-json\/wp\/v2\/media?parent=5563"}],"wp:term":[{"taxonomy":"product_brand","embeddable":true,"href":"https:\/\/dermazel.com\/en\/wp-json\/wp\/v2\/product_brand?post=5563"},{"taxonomy":"product_cat","embeddable":true,"href":"https:\/\/dermazel.com\/en\/wp-json\/wp\/v2\/product_cat?post=5563"},{"taxonomy":"product_tag","embeddable":true,"href":"https:\/\/dermazel.com\/en\/wp-json\/wp\/v2\/product_tag?post=5563"}],"curies":[{"name":"wp","href":"https:\/\/api.w.org\/{rel}","templated":true}]}}