{"id":5514,"date":"2024-04-21T23:12:18","date_gmt":"2024-04-21T20:12:18","guid":{"rendered":"https:\/\/dermazel.com\/?post_type=product&#038;p=5514"},"modified":"2024-07-19T11:10:19","modified_gmt":"2024-07-19T08:10:19","slug":"dermazel-chlorella","status":"publish","type":"product","link":"https:\/\/dermazel.com\/en\/product\/dermazel-chlorella\/","title":{"rendered":"Dermazel Chlorella"},"content":{"rendered":"<div data-elementor-type=\"product-post\" data-elementor-id=\"5514\" class=\"elementor elementor-5514\" data-elementor-post-type=\"product\">\n\t\t\t\t\t\t<section class=\"elementor-section elementor-top-section elementor-element elementor-element-9f55f7d elementor-section-boxed elementor-section-height-default elementor-section-height-default\" data-id=\"9f55f7d\" data-element_type=\"section\">\n\t\t\t\t\t\t<div class=\"elementor-container elementor-column-gap-default\">\n\t\t\t\t\t<div class=\"elementor-column elementor-col-50 elementor-top-column elementor-element elementor-element-b238d55\" data-id=\"b238d55\" data-element_type=\"column\">\n\t\t\t<div class=\"elementor-widget-wrap elementor-element-populated\">\n\t\t\t\t\t\t<section class=\"elementor-section elementor-inner-section elementor-element elementor-element-d7c3958 elementor-section-content-middle elementor-section-boxed elementor-section-height-default elementor-section-height-default\" data-id=\"d7c3958\" data-element_type=\"section\">\n\t\t\t\t\t\t<div class=\"elementor-container elementor-column-gap-default\">\n\t\t\t\t\t<div class=\"elementor-column elementor-col-50 elementor-inner-column elementor-element elementor-element-72c8be0\" data-id=\"72c8be0\" data-element_type=\"column\">\n\t\t\t<div class=\"elementor-widget-wrap elementor-element-populated\">\n\t\t\t\t\t\t<div class=\"elementor-element elementor-element-abbe260 elementor-widget elementor-widget-heading\" data-id=\"abbe260\" data-element_type=\"widget\" data-widget_type=\"heading.default\">\n\t\t\t\t<div class=\"elementor-widget-container\">\n\t\t\t\t\t<h2 class=\"elementor-heading-title elementor-size-default\">\u00dcr\u00fcn Faydalar\u0131<\/h2>\t\t\t\t<\/div>\n\t\t\t\t<\/div>\n\t\t\t\t<div class=\"elementor-element elementor-element-373f3ec elementor-widget elementor-widget-ube-list-icon\" data-id=\"373f3ec\" data-element_type=\"widget\" data-widget_type=\"ube-list-icon.default\">\n\t\t\t\t<div class=\"elementor-widget-container\">\n\t\t\t\t\t<ul class=\"ube-list-icon ube-list-icon-sm list-unstyled\">\n\t\t\t        <li class=\"list-icon-item\">\n\t\t\t                <span class=\"ube-list-icon-icon ube-icon\">\n\t\t\t\t\t<i class=\"fas fa-check\"><\/i>\t\t\t\t<\/span>\n\t\t\t\t\t\t\t\t\t\t\t\t\t<span class=\"ube-list-icon-title\">Zengin Vitamin Kayna\u011f\u0131<\/span>\t\t\t        <\/li>\n\t\t\t        <li class=\"list-icon-item\">\n\t\t\t                <span class=\"ube-list-icon-icon ube-icon\">\n\t\t\t\t\t<i class=\"fas fa-check\"><\/i>\t\t\t\t<\/span>\n\t\t\t\t\t\t\t\t\t\t\t\t\t<span class=\"ube-list-icon-title\">Y\u00fcksek Protein \u0130\u00e7eri\u011fi<\/span>\t\t\t        <\/li>\n\t\t\t        <li class=\"list-icon-item\">\n\t\t\t                <span class=\"ube-list-icon-icon ube-icon\">\n\t\t\t\t\t<i class=\"fas fa-check\"><\/i>\t\t\t\t<\/span>\n\t\t\t\t\t\t\t\t\t\t\t\t\t<span class=\"ube-list-icon-title\">Detoks Etkisi<\/span>\t\t\t        <\/li>\n\t\t\t        <li class=\"list-icon-item\">\n\t\t\t                <span class=\"ube-list-icon-icon ube-icon\">\n\t\t\t\t\t<i class=\"fas fa-check\"><\/i>\t\t\t\t<\/span>\n\t\t\t\t\t\t\t\t\t\t\t\t\t<span class=\"ube-list-icon-title\">G\u00fc\u00e7l\u00fc Ba\u011f\u0131\u015f\u0131kl\u0131k Sistemi<\/span>\t\t\t        <\/li>\n\t<\/ul>\n\n\n\n\t\t\t\t<\/div>\n\t\t\t\t<\/div>\n\t\t\t\t\t<\/div>\n\t\t<\/div>\n\t\t\t\t<div class=\"elementor-column elementor-col-50 elementor-inner-column elementor-element elementor-element-ce6d26b\" data-id=\"ce6d26b\" data-element_type=\"column\">\n\t\t\t<div class=\"elementor-widget-wrap elementor-element-populated\">\n\t\t\t\t\t\t<div class=\"elementor-element elementor-element-9ef9950 elementor-widget elementor-widget-heading\" data-id=\"9ef9950\" data-element_type=\"widget\" data-widget_type=\"heading.default\">\n\t\t\t\t<div class=\"elementor-widget-container\">\n\t\t\t\t\t<h2 class=\"elementor-heading-title elementor-size-default\">Kullan\u0131m \u015eekli<\/h2>\t\t\t\t<\/div>\n\t\t\t\t<\/div>\n\t\t\t\t<div class=\"elementor-element elementor-element-7eaf330 elementor-widget elementor-widget-text-editor\" data-id=\"7eaf330\" data-element_type=\"widget\" data-widget_type=\"text-editor.default\">\n\t\t\t\t<div class=\"elementor-widget-container\">\n\t\t\t\t\t\t\t\t\tSmoothie, milkshake,meyve suyu gibi i\u00e7eceklere\nkar\u0131\u015ft\u0131r\u0131p i\u00e7ebilirsiniz.\nPasta, kek, salata ve yo\u011furt gibi yiyeceklere ekleyip\nt\u00fcketebilirsiniz. \t\t\t\t\t\t\t\t<\/div>\n\t\t\t\t<\/div>\n\t\t\t\t\t<\/div>\n\t\t<\/div>\n\t\t\t\t\t<\/div>\n\t\t<\/section>\n\t\t\t\t<div class=\"elementor-element elementor-element-1afa649 elementor-widget elementor-widget-heading\" data-id=\"1afa649\" data-element_type=\"widget\" data-widget_type=\"heading.default\">\n\t\t\t\t<div class=\"elementor-widget-container\">\n\t\t\t\t\t<h2 class=\"elementor-heading-title elementor-size-default\">Dermazel Organik Spirulina<\/h2>\t\t\t\t<\/div>\n\t\t\t\t<\/div>\n\t\t\t\t<div class=\"elementor-element elementor-element-2977204 elementor-widget elementor-widget-text-editor\" data-id=\"2977204\" data-element_type=\"widget\" data-widget_type=\"text-editor.default\">\n\t\t\t\t<div class=\"elementor-widget-container\">\n\t\t\t\t\t\t\t\t\t<p>Spirulina, protein, vitaminler (\u00f6zellikle B vitaminleri), mineraller (\u00f6rne\u011fin demir ve kalsiyum)\u00a0ve antioksidanlar gibi bir dizi besin maddesi bak\u0131m\u0131ndan zengindir. Ayr\u0131ca, omega-3 ve\u00a0omega-6 ya\u011f asitleri gibi temel ya\u011f asitlerini i\u00e7erir.\u00a0<span style=\"color: var( --e-global-color-text ); font-family: var( --e-global-typography-text-font-family ), Sans-serif; font-weight: var( --e-global-typography-text-font-weight ); font-size: var(--g5-body-font-size); font-style: var(--g5-body-font-style); letter-spacing: var(--g5-body-letter-spacing); text-transform: var(--g5-body-text-transform);\">Ba\u011f\u0131\u015f\u0131kl\u0131k sistemi fonksiyonunu desteklemeye, enerji seviyelerini art\u0131rmaya,\u00a0<\/span><span style=\"color: var( --e-global-color-text ); font-family: var( --e-global-typography-text-font-family ), Sans-serif; font-weight: var( --e-global-typography-text-font-weight ); font-size: var(--g5-body-font-size); font-style: var(--g5-body-font-style); letter-spacing: var(--g5-body-letter-spacing); text-transform: var(--g5-body-text-transform);\">kolesterol seviyelerini d\u00fc\u015f\u00fcrmeye ve hatta egzersiz performans\u0131n\u0131 iyile\u015ftirmeye\u00a0<\/span><span style=\"color: var( --e-global-color-text ); font-family: var( --e-global-typography-text-font-family ), Sans-serif; font-weight: var( --e-global-typography-text-font-weight ); font-size: var(--g5-body-font-size); font-style: var(--g5-body-font-style); letter-spacing: var(--g5-body-letter-spacing); text-transform: var(--g5-body-text-transform);\">yard\u0131mc\u0131 olmaktad\u0131r\u00a0<\/span><\/p><p><span style=\"color: var( --e-global-color-text ); font-family: var( --e-global-typography-text-font-family ), Sans-serif; font-weight: var( --e-global-typography-text-font-weight ); font-size: var(--g5-body-font-size); font-style: var(--g5-body-font-style); letter-spacing: var(--g5-body-letter-spacing); text-transform: var(--g5-body-text-transform);\">NOT: Herhangi bir sa\u011fl\u0131k durumunu tedavi etmek i\u00e7in kullanmadan \u00f6nce bir sa\u011fl\u0131k\u00a0<\/span><span style=\"color: var( --e-global-color-text ); font-family: var( --e-global-typography-text-font-family ), Sans-serif; font-weight: var( --e-global-typography-text-font-weight ); font-size: var(--g5-body-font-size); font-style: var(--g5-body-font-style); letter-spacing: var(--g5-body-letter-spacing); text-transform: var(--g5-body-text-transform);\">uzman\u0131na dan\u0131\u015fmak \u00f6nemlidir.<\/span><\/p>\t\t\t\t\t\t\t\t<\/div>\n\t\t\t\t<\/div>\n\t\t\t\t<div class=\"elementor-element elementor-element-de0cf77 elementor-widget elementor-widget-image\" data-id=\"de0cf77\" data-element_type=\"widget\" data-widget_type=\"image.default\">\n\t\t\t\t<div class=\"elementor-widget-container\">\n\t\t\t\t\t\t\t\t\t\t\t\t\t\t\t<span class=\"g5core__lazy-image\" style=\"--g5-lazy-image-width: 461px;--g5-lazy-image-height: 32.537960954447%\"><img fetchpriority=\"high\" decoding=\"async\" width=\"461\" height=\"150\" src=\"https:\/\/dermazel.com\/wp-content\/plugins\/g5-core\/assets\/images\/placeholder-transparent.png\" class=\"attachment-large size-large wp-image-5550 g5core__ll-image\" alt=\"\" data-src=\"https:\/\/dermazel.com\/wp-content\/uploads\/2024\/04\/iso.png\" data-srcset=\"https:\/\/dermazel.com\/wp-content\/uploads\/2024\/04\/iso.png 461w, https:\/\/dermazel.com\/wp-content\/uploads\/2024\/04\/iso-300x98.png 300w\" data-sizes=\"(max-width: 461px) 100vw, 461px\" \/><\/span>\t\t\t\t\t\t\t\t\t\t\t\t\t\t\t<\/div>\n\t\t\t\t<\/div>\n\t\t\t\t\t<\/div>\n\t\t<\/div>\n\t\t\t\t<div class=\"elementor-column elementor-col-50 elementor-top-column elementor-element elementor-element-6813dde\" data-id=\"6813dde\" data-element_type=\"column\">\n\t\t\t<div class=\"elementor-widget-wrap elementor-element-populated\">\n\t\t\t\t\t\t<div class=\"elementor-element elementor-element-db5cfa0 elementor-widget elementor-widget-image\" data-id=\"db5cfa0\" data-element_type=\"widget\" data-widget_type=\"image.default\">\n\t\t\t\t<div class=\"elementor-widget-container\">\n\t\t\t\t\t\t\t\t\t\t\t\t\t\t\t<span class=\"g5core__lazy-image\" style=\"--g5-lazy-image-width: 768px;--g5-lazy-image-height: 64.84375%\"><img decoding=\"async\" width=\"768\" height=\"498\" src=\"https:\/\/dermazel.com\/wp-content\/plugins\/g5-core\/assets\/images\/placeholder-transparent.png\" class=\"attachment-medium_large size-medium_large wp-image-5542 g5core__ll-image\" alt=\"\" data-src=\"https:\/\/dermazel.com\/wp-content\/uploads\/2024\/04\/1-768x498.png\" data-srcset=\"https:\/\/dermazel.com\/wp-content\/uploads\/2024\/04\/1-768x498.png 768w, https:\/\/dermazel.com\/wp-content\/uploads\/2024\/04\/1-300x195.png 300w, https:\/\/dermazel.com\/wp-content\/uploads\/2024\/04\/1-1024x665.png 1024w, https:\/\/dermazel.com\/wp-content\/uploads\/2024\/04\/1-1536x997.png 1536w, https:\/\/dermazel.com\/wp-content\/uploads\/2024\/04\/1-600x389.png 600w, https:\/\/dermazel.com\/wp-content\/uploads\/2024\/04\/1.png 1761w\" data-sizes=\"(max-width: 768px) 100vw, 768px\" \/><\/span>\t\t\t\t\t\t\t\t\t\t\t\t\t\t\t<\/div>\n\t\t\t\t<\/div>\n\t\t\t\t<div class=\"elementor-element elementor-element-cc11b4a elementor-widget elementor-widget-image\" data-id=\"cc11b4a\" data-element_type=\"widget\" data-widget_type=\"image.default\">\n\t\t\t\t<div class=\"elementor-widget-container\">\n\t\t\t\t\t\t\t\t\t\t\t\t\t\t\t<span class=\"g5core__lazy-image\" style=\"--g5-lazy-image-width: 768px;--g5-lazy-image-height: 64.84375%\"><img decoding=\"async\" width=\"768\" height=\"498\" src=\"https:\/\/dermazel.com\/wp-content\/plugins\/g5-core\/assets\/images\/placeholder-transparent.png\" class=\"attachment-medium_large size-medium_large wp-image-5546 g5core__ll-image\" alt=\"\" data-src=\"https:\/\/dermazel.com\/wp-content\/uploads\/2024\/04\/2-768x498.png\" data-srcset=\"https:\/\/dermazel.com\/wp-content\/uploads\/2024\/04\/2-768x498.png 768w, https:\/\/dermazel.com\/wp-content\/uploads\/2024\/04\/2-300x195.png 300w, https:\/\/dermazel.com\/wp-content\/uploads\/2024\/04\/2-1024x665.png 1024w, https:\/\/dermazel.com\/wp-content\/uploads\/2024\/04\/2-1536x997.png 1536w, https:\/\/dermazel.com\/wp-content\/uploads\/2024\/04\/2-600x389.png 600w, https:\/\/dermazel.com\/wp-content\/uploads\/2024\/04\/2.png 1761w\" data-sizes=\"(max-width: 768px) 100vw, 768px\" \/><\/span>\t\t\t\t\t\t\t\t\t\t\t\t\t\t\t<\/div>\n\t\t\t\t<\/div>\n\t\t\t\t\t<\/div>\n\t\t<\/div>\n\t\t\t\t\t<\/div>\n\t\t<\/section>\n\t\t\t\t<\/div>","protected":false},"excerpt":{"rendered":"<div data-elementor-type=\"section\" data-elementor-id=\"5529\" class=\"elementor elementor-5529\" data-elementor-post-type=\"elementor_library\">\n<section class=\"elementor-section elementor-top-section elementor-element elementor-element-3a16d7d elementor-section-boxed elementor-section-height-default elementor-section-height-default\" data-id=\"3a16d7d\" data-element_type=\"section\">\n<div class=\"elementor-container elementor-column-gap-default\">\n<div class=\"elementor-column elementor-col-100 elementor-top-column elementor-element elementor-element-1c0de6f\" data-id=\"1c0de6f\" data-element_type=\"column\">\n<div class=\"elementor-widget-wrap elementor-element-populated\">\n<div class=\"elementor-element elementor-element-efa9ed4 elementor-widget elementor-widget-woocommerce-product-title elementor-page-title elementor-widget-heading\" data-id=\"efa9ed4\" data-element_type=\"widget\" data-widget_type=\"woocommerce-product-title.default\">\n<div class=\"elementor-widget-container\">\n<h1 class=\"product_title entry-title elementor-heading-title elementor-size-default\">Dermazel Chlorella<\/h1>\n<\/p><\/div>\n<\/p><\/div>\n<div class=\"elementor-element elementor-element-8456d4c elementor-widget elementor-widget-heading\" data-id=\"8456d4c\" data-element_type=\"widget\" data-widget_type=\"heading.default\">\n<div class=\"elementor-widget-container\">\n<h2 class=\"elementor-heading-title elementor-size-default\">Green Alg<\/h2>\n<\/p><\/div>\n<\/p><\/div>\n<div class=\"elementor-element elementor-element-e9a2bb5 elementor-widget elementor-widget-text-editor\" data-id=\"e9a2bb5\" data-element_type=\"widget\" data-widget_type=\"text-editor.default\">\n<div class=\"elementor-widget-container\">\n<ul>\n<li>Lif Kayna\u011f\u0131<\/li>\n<li>Vegan<\/li>\n<li>Y\u00fcksek Protein<\/li>\n<\/ul><\/div>\n<\/p><\/div>\n<\/p><\/div>\n<\/p><\/div>\n<\/p><\/div>\n<\/section><\/div>","protected":false},"featured_media":5524,"comment_status":"open","ping_status":"closed","template":"","meta":[],"product_brand":[],"product_cat":[98],"product_tag":[],"class_list":{"0":"post-5514","1":"product","2":"type-product","3":"status-publish","4":"has-post-thumbnail","6":"product_cat-gida-takviyesi","8":"first","9":"instock","10":"shipping-taxable","11":"purchasable","12":"product-type-simple"},"_links":{"self":[{"href":"https:\/\/dermazel.com\/en\/wp-json\/wp\/v2\/product\/5514","targetHints":{"allow":["GET"]}}],"collection":[{"href":"https:\/\/dermazel.com\/en\/wp-json\/wp\/v2\/product"}],"about":[{"href":"https:\/\/dermazel.com\/en\/wp-json\/wp\/v2\/types\/product"}],"replies":[{"embeddable":true,"href":"https:\/\/dermazel.com\/en\/wp-json\/wp\/v2\/comments?post=5514"}],"version-history":[{"count":19,"href":"https:\/\/dermazel.com\/en\/wp-json\/wp\/v2\/product\/5514\/revisions"}],"predecessor-version":[{"id":6135,"href":"https:\/\/dermazel.com\/en\/wp-json\/wp\/v2\/product\/5514\/revisions\/6135"}],"wp:featuredmedia":[{"embeddable":true,"href":"https:\/\/dermazel.com\/en\/wp-json\/wp\/v2\/media\/5524"}],"wp:attachment":[{"href":"https:\/\/dermazel.com\/en\/wp-json\/wp\/v2\/media?parent=5514"}],"wp:term":[{"taxonomy":"product_brand","embeddable":true,"href":"https:\/\/dermazel.com\/en\/wp-json\/wp\/v2\/product_brand?post=5514"},{"taxonomy":"product_cat","embeddable":true,"href":"https:\/\/dermazel.com\/en\/wp-json\/wp\/v2\/product_cat?post=5514"},{"taxonomy":"product_tag","embeddable":true,"href":"https:\/\/dermazel.com\/en\/wp-json\/wp\/v2\/product_tag?post=5514"}],"curies":[{"name":"wp","href":"https:\/\/api.w.org\/{rel}","templated":true}]}}