{"id":1633,"date":"2021-10-16T03:06:19","date_gmt":"2021-10-16T03:06:19","guid":{"rendered":"https:\/\/glowing.g5plus.net\/elementor\/?page_id=1633"},"modified":"2024-05-15T22:20:58","modified_gmt":"2024-05-15T19:20:58","slug":"kurumsal","status":"publish","type":"page","link":"https:\/\/dermazel.com\/en\/kurumsal\/","title":{"rendered":"Kurumsal"},"content":{"rendered":"<div data-elementor-type=\"wp-page\" data-elementor-id=\"1633\" class=\"elementor elementor-1633\" data-elementor-post-type=\"page\">\n\t\t\t\t\t\t<section class=\"g5core__ll-background elementor-section elementor-top-section elementor-element elementor-element-617389b3b41b6 elementor-section-stretched elementor-section-boxed elementor-section-height-default elementor-section-height-default\" data-bg=\"https:\/\/dermazel.com\/wp-content\/uploads\/2024\/05\/DERMAZEL-HAKKIMIZDA-banner--scaled.jpg\" data-id=\"617389b3b41b6\" data-element_type=\"section\" data-settings=\"{&quot;stretch_section&quot;:&quot;section-stretched&quot;,&quot;background_background&quot;:&quot;classic&quot;}\">\n\t\t\t\t\t\t<div class=\"elementor-container elementor-column-gap-default\">\n\t\t\t\t\t<div class=\"elementor-column elementor-col-100 elementor-top-column elementor-element elementor-element-87c5190\" data-id=\"87c5190\" data-element_type=\"column\">\n\t\t\t<div class=\"elementor-widget-wrap elementor-element-populated\">\n\t\t\t\t\t\t<div class=\"elementor-element elementor-element-a9ea5ee elementor-align-center elementor-widget elementor-widget-ube-heading\" data-id=\"a9ea5ee\" data-element_type=\"widget\" data-widget_type=\"ube-heading.default\">\n\t\t\t\t<div class=\"elementor-widget-container\">\n\t\t\t\t\t<div class=\"ube-heading\">\n\t<h2 class=\"ube-heading-title\">HAKKIMIZDA<\/h2><\/div>\t\t\t\t<\/div>\n\t\t\t\t<\/div>\n\t\t\t\t\t<\/div>\n\t\t<\/div>\n\t\t\t\t\t<\/div>\n\t\t<\/section>\n\t\t\t\t<section class=\"elementor-section elementor-top-section elementor-element elementor-element-61738b3ebe7a4 elementor-section-boxed elementor-section-height-default elementor-section-height-default\" data-id=\"61738b3ebe7a4\" data-element_type=\"section\">\n\t\t\t\t\t\t<div class=\"elementor-container elementor-column-gap-default\">\n\t\t\t\t\t<div class=\"elementor-column elementor-col-100 elementor-top-column elementor-element elementor-element-7b62415\" data-id=\"7b62415\" data-element_type=\"column\">\n\t\t\t<div class=\"elementor-widget-wrap elementor-element-populated\">\n\t\t\t\t\t\t<div class=\"elementor-element elementor-element-b39d67e elementor-widget elementor-widget-image\" data-id=\"b39d67e\" data-element_type=\"widget\" data-widget_type=\"image.default\">\n\t\t\t\t<div class=\"elementor-widget-container\">\n\t\t\t\t\t\t\t\t\t\t\t\t\t\t\t<span class=\"g5core__lazy-image\" style=\"--g5-lazy-image-width: 200px;--g5-lazy-image-height: 100%\"><img decoding=\"async\" class=\"g5core__ll-image\" src=\"https:\/\/dermazel.com\/wp-content\/plugins\/g5-core\/assets\/images\/placeholder-transparent.png\" width=\"200\" height=\"\" data-src=\"https:\/\/dermazel.com\/wp-content\/uploads\/elementor\/thumbs\/DERMAZEL-HAKKIMIZDA-kucuk-gorsel-qniddahiluyr3gvdcbc427prrrtu19ggwzqrjdblas.jpg\" title=\"DERMAZEL HAKKIMIZDA k\u00fc\u00e7\u00fck g\u00f6rsel\" alt=\"DERMAZEL HAKKIMIZDA k\u00fc\u00e7\u00fck g\u00f6rsel\" loading=\"lazy\"><\/span>\t\t\t\t\t\t\t\t\t\t\t\t\t\t\t<\/div>\n\t\t\t\t<\/div>\n\t\t\t\t<div class=\"elementor-element elementor-element-9909b05 elementor-align-center elementor-widget elementor-widget-ube-heading\" data-id=\"9909b05\" data-element_type=\"widget\" data-widget_type=\"ube-heading.default\">\n\t\t\t\t<div class=\"elementor-widget-container\">\n\t\t\t\t\t<div class=\"ube-heading\">\n\t<h2 class=\"ube-heading-title\">Biz Kimiz<\/h2><\/div>\t\t\t\t<\/div>\n\t\t\t\t<\/div>\n\t\t\t\t<div class=\"elementor-element elementor-element-77f8480 elementor-widget elementor-widget-text-editor\" data-id=\"77f8480\" data-element_type=\"widget\" data-widget_type=\"text-editor.default\">\n\t\t\t\t<div class=\"elementor-widget-container\">\n\t\t\t\t\t\t\t\t\t<p class=\"mx-auto text-center mb-0\" style=\"max-width: 680px;\">Sa\u011fl\u0131kl\u0131 ya\u015fam\u0131n temsilcisi olarak, do\u011fan\u0131n \u00f6z\u00fcnden ilham alarak yola \u00e7\u0131kt\u0131k.\nDo\u011fa ve organik de\u011ferlere ba\u011fl\u0131 kalarak, ALOE VERA \u00f6zleriyle zenginle\u015ftirdi\u011fimiz\nderma kozmetik \u00fcr\u00fcnleri \u00fcreten bir ekip olarak g\u00fczellik ve sa\u011fl\u0131k aras\u0131nda g\u00fc\u00e7l\u00fc bir ba\u011f kuruyoruz.\n\nYa\u015fam tarz\u0131n\u0131 destekleyen, \u00e7evre dostu ve etik bir yakla\u015f\u0131m ile \u00e7al\u0131\u015fan bir marka olarak, \nher \u00fcr\u00fcn\u00fcm\u00fczde kalite ve do\u011fall\u0131\u011f\u0131 bir araya getiriyoruz.\n<\/p>\t\t\t\t\t\t\t\t<\/div>\n\t\t\t\t<\/div>\n\t\t\t\t\t<\/div>\n\t\t<\/div>\n\t\t\t\t\t<\/div>\n\t\t<\/section>\n\t\t\t\t<section class=\"elementor-section elementor-top-section elementor-element elementor-element-61738b3ebe7a6 elementor-section-content-middle elementor-section-boxed elementor-section-height-default elementor-section-height-default\" data-id=\"61738b3ebe7a6\" data-element_type=\"section\">\n\t\t\t\t\t\t<div class=\"elementor-container elementor-column-gap-default\">\n\t\t\t\t\t<div class=\"elementor-column elementor-col-100 elementor-top-column elementor-element elementor-element-1f5d591\" data-id=\"1f5d591\" data-element_type=\"column\">\n\t\t\t<div class=\"elementor-widget-wrap elementor-element-populated\">\n\t\t\t\t\t\t<section class=\"elementor-section elementor-inner-section elementor-element elementor-element-cb8afd3 elementor-section-content-middle elementor-section-boxed elementor-section-height-default elementor-section-height-default\" data-id=\"cb8afd3\" data-element_type=\"section\">\n\t\t\t\t\t\t<div class=\"elementor-container elementor-column-gap-no\">\n\t\t\t\t\t<div class=\"elementor-column elementor-col-50 elementor-inner-column elementor-element elementor-element-0808d19\" data-id=\"0808d19\" data-element_type=\"column\">\n\t\t\t<div class=\"elementor-widget-wrap elementor-element-populated\">\n\t\t\t\t\t\t<div class=\"elementor-element elementor-element-83ed5e0 elementor-widget elementor-widget-ube-banner\" data-id=\"83ed5e0\" data-element_type=\"widget\" data-widget_type=\"ube-banner.default\">\n\t\t\t\t<div class=\"elementor-widget-container\">\n\t\t\t\t\t    <div class=\"ube-banner ube-banner-layout-01 ube-banner-has-effect ube-banner-effect-flash\">\n        <div class=\"ube-banner-image\">\n\t\t\t                <a href=\"#\">\n                <\/a>\n\t\t\t            <div class=\"g5core__ll-background ube-banner-bg\" data-bg=\"https:\/\/dermazel.com\/wp-content\/uploads\/2024\/04\/DERMAZEL-HAKKIMIZDA-GORSEL-1-.jpg\" style=\"padding-bottom:68.484464172479%;background-image : url(https:\/\/dermazel.com\/wp-content\/uploads\/2024\/04\/DERMAZEL-HAKKIMIZDA-GORSEL-1-.jpg)\">\n            <\/div>\n        <\/div>\n        <div class=\"ube-banner-content\">\n\t\t\t\t\t\t\t\t\t\t\t\t\t\t\t\t\t\t\t\t\t        <\/div>\n    <\/div>\n\t\t\t\t<\/div>\n\t\t\t\t<\/div>\n\t\t\t\t\t<\/div>\n\t\t<\/div>\n\t\t\t\t<div class=\"elementor-column elementor-col-50 elementor-inner-column elementor-element elementor-element-653a134\" data-id=\"653a134\" data-element_type=\"column\">\n\t\t\t<div class=\"elementor-widget-wrap elementor-element-populated\">\n\t\t\t\t\t\t<div class=\"elementor-element elementor-element-9a1f063 elementor-align-left elementor-widget elementor-widget-ube-heading\" data-id=\"9a1f063\" data-element_type=\"widget\" data-widget_type=\"ube-heading.default\">\n\t\t\t\t<div class=\"elementor-widget-container\">\n\t\t\t\t\t<div class=\"ube-heading\">\n\t<h2 class=\"ube-heading-title\">\u00dcRET\u0130YORUZ<\/h2><div class=\"ube-heading-description\">DERMAZEL olarak , s\u00fcrd\u00fcr\u00fclebilirlik etik de\u011ferler ve kalite prensipleriyle uyum\ni\u00e7inde \u00e7al\u0131\u015farak, kullan\u0131c\u0131lar\u0131m\u0131za g\u00fcvenilir ve do\u011fa dostu \u00fcr\u00fcnler sunmay\u0131\ntaahh\u00fct edip, sa\u011fl\u0131kl\u0131 ya\u015fam\u0131n ve do\u011fal g\u00fczelli\u011fin savunucusu olarak bilinir ve\nsizlere sevgiyle bakman\u0131z i\u00e7in destek olmay\u0131 s\u00fcrd\u00fcr\u00fcyoruz.<\/div><\/div>\t\t\t\t<\/div>\n\t\t\t\t<\/div>\n\t\t\t\t\t<\/div>\n\t\t<\/div>\n\t\t\t\t\t<\/div>\n\t\t<\/section>\n\t\t\t\t<section class=\"elementor-section elementor-inner-section elementor-element elementor-element-60288fe elementor-section-content-middle elementor-section-boxed elementor-section-height-default elementor-section-height-default\" data-id=\"60288fe\" data-element_type=\"section\">\n\t\t\t\t\t\t<div class=\"elementor-container elementor-column-gap-no\">\n\t\t\t\t\t<div class=\"elementor-column elementor-col-50 elementor-inner-column elementor-element elementor-element-87019dd order-2 el-order-lg-1\" data-id=\"87019dd\" data-element_type=\"column\">\n\t\t\t<div class=\"elementor-widget-wrap elementor-element-populated\">\n\t\t\t\t\t\t<div class=\"elementor-element elementor-element-6d35a9d elementor-align-left elementor-widget elementor-widget-ube-heading\" data-id=\"6d35a9d\" data-element_type=\"widget\" data-widget_type=\"ube-heading.default\">\n\t\t\t\t<div class=\"elementor-widget-container\">\n\t\t\t\t\t<div class=\"ube-heading\">\n\t<h2 class=\"ube-heading-title\">DO\u011eANIN MUC\u0130ZEV\u0130\nG\u00dcC\u00dcN\u00dc SUNUYORUZ<\/h2><div class=\"ube-heading-description\">Vizyonumuz, her bireyin kendine ve d\u00fcnyaya daha iyi bir \u015fekilde bakabilmesi i\u00e7in,\nsa\u011fl\u0131kl\u0131 ya\u015fam\u0131n kap\u0131lar\u0131n\u0131 aralamak ve bu de\u011ferleri gelecek nesillere ta\u015f\u0131makt\u0131r.\nDo\u011fa dostu ve sa\u011fl\u0131kl\u0131 bir gelece\u011fe y\u00f6nelik ilerleyerek, birlikte daha ayd\u0131nl\u0131k\nbir yar\u0131n kurmay\u0131 hedefliyoruz.\nHer kategoriden \u00fcr\u00fcn\u00fcn bir araya topland\u0131\u011f\u0131 dermazel.com\u2019 da misyonumuz;\nher ya\u015fam tarz\u0131na uygun, g\u00fcvenli, kaliteli \u00fcr\u00fcnleri, uygun fiyat avantajlar\u0131yla\nt\u00fcm m\u00fc\u015fterilerimize sunmakt\u0131r.\nTek bir t\u0131kla, sipari\u015flerinizi hijyenik ambalajl\u0131lar\u0131nda T\u00fcrkiye'nin her yerine\nula\u015ft\u0131r\u0131yor, deneyimli kadromuzla siz de\u011ferli m\u00fc\u015fterilerimize hizmet\nvermeye devam ediyoruz.<\/div><\/div>\t\t\t\t<\/div>\n\t\t\t\t<\/div>\n\t\t\t\t\t<\/div>\n\t\t<\/div>\n\t\t\t\t<div class=\"elementor-column elementor-col-50 elementor-inner-column elementor-element elementor-element-e6906a0 order-1 el-order-lg-2\" data-id=\"e6906a0\" data-element_type=\"column\">\n\t\t\t<div class=\"elementor-widget-wrap elementor-element-populated\">\n\t\t\t\t\t\t<div class=\"elementor-element elementor-element-6100970 elementor-widget elementor-widget-ube-banner\" data-id=\"6100970\" data-element_type=\"widget\" data-widget_type=\"ube-banner.default\">\n\t\t\t\t<div class=\"elementor-widget-container\">\n\t\t\t\t\t    <div class=\"ube-banner ube-banner-layout-01 ube-banner-has-effect ube-banner-effect-flash\">\n        <div class=\"ube-banner-image\">\n\t\t\t                <a href=\"#\">\n                <\/a>\n\t\t\t            <div class=\"g5core__ll-background ube-banner-bg\" data-bg=\"https:\/\/dermazel.com\/wp-content\/uploads\/2024\/04\/DERMAZEL-HAKKIMIZDA-GORSEL-2.jpg\" style=\"padding-bottom:68.484464172479%;background-image : url(https:\/\/dermazel.com\/wp-content\/uploads\/2024\/04\/DERMAZEL-HAKKIMIZDA-GORSEL-2.jpg)\">\n            <\/div>\n        <\/div>\n        <div class=\"ube-banner-content\">\n\t\t\t\t\t\t\t\t\t\t\t\t\t\t\t\t\t\t\t\t\t        <\/div>\n    <\/div>\n\t\t\t\t<\/div>\n\t\t\t\t<\/div>\n\t\t\t\t\t<\/div>\n\t\t<\/div>\n\t\t\t\t\t<\/div>\n\t\t<\/section>\n\t\t\t\t\t<\/div>\n\t\t<\/div>\n\t\t\t\t\t<\/div>\n\t\t<\/section>\n\t\t\t\t<section class=\"elementor-section elementor-top-section elementor-element elementor-element-6193ba031b717 elementor-section-boxed elementor-section-height-default elementor-section-height-default\" data-id=\"6193ba031b717\" data-element_type=\"section\" data-settings=\"{&quot;background_background&quot;:&quot;classic&quot;}\">\n\t\t\t\t\t\t<div class=\"elementor-container elementor-column-gap-default\">\n\t\t\t\t\t<div class=\"elementor-column elementor-col-25 elementor-top-column elementor-element elementor-element-88a8a0d\" data-id=\"88a8a0d\" data-element_type=\"column\">\n\t\t\t<div class=\"elementor-widget-wrap elementor-element-populated\">\n\t\t\t\t\t\t<div class=\"elementor-element elementor-element-9bb3299 elementor-view-framed elementor-shape-circle elementor-widget elementor-widget-icon\" data-id=\"9bb3299\" data-element_type=\"widget\" data-widget_type=\"icon.default\">\n\t\t\t\t<div class=\"elementor-widget-container\">\n\t\t\t\t\t\t\t<div class=\"elementor-icon-wrapper\">\n\t\t\t<div class=\"elementor-icon\">\n\t\t\t<i aria-hidden=\"true\" class=\"fas fa-unlock-alt\"><\/i>\t\t\t<\/div>\n\t\t<\/div>\n\t\t\t\t\t\t<\/div>\n\t\t\t\t<\/div>\n\t\t\t\t<div class=\"elementor-element elementor-element-faef5ed elementor-widget elementor-widget-heading\" data-id=\"faef5ed\" data-element_type=\"widget\" data-widget_type=\"heading.default\">\n\t\t\t\t<div class=\"elementor-widget-container\">\n\t\t\t\t\t<h2 class=\"elementor-heading-title elementor-size-default\">G\u00fcvenli \u00d6deme<\/h2>\t\t\t\t<\/div>\n\t\t\t\t<\/div>\n\t\t\t\t\t<\/div>\n\t\t<\/div>\n\t\t\t\t<div class=\"elementor-column elementor-col-25 elementor-top-column elementor-element elementor-element-279d4a9\" data-id=\"279d4a9\" data-element_type=\"column\">\n\t\t\t<div class=\"elementor-widget-wrap elementor-element-populated\">\n\t\t\t\t\t\t<div class=\"elementor-element elementor-element-f5f5e9f elementor-view-framed elementor-shape-circle elementor-widget elementor-widget-icon\" data-id=\"f5f5e9f\" data-element_type=\"widget\" data-widget_type=\"icon.default\">\n\t\t\t\t<div class=\"elementor-widget-container\">\n\t\t\t\t\t\t\t<div class=\"elementor-icon-wrapper\">\n\t\t\t<div class=\"elementor-icon\">\n\t\t\t<i aria-hidden=\"true\" class=\"fas fa-shipping-fast\"><\/i>\t\t\t<\/div>\n\t\t<\/div>\n\t\t\t\t\t\t<\/div>\n\t\t\t\t<\/div>\n\t\t\t\t<div class=\"elementor-element elementor-element-36c372f elementor-widget elementor-widget-heading\" data-id=\"36c372f\" data-element_type=\"widget\" data-widget_type=\"heading.default\">\n\t\t\t\t<div class=\"elementor-widget-container\">\n\t\t\t\t\t<h2 class=\"elementor-heading-title elementor-size-default\">750 \u20ba \u00dczeri <br>\n\u00dccretsiz Kargo<\/h2>\t\t\t\t<\/div>\n\t\t\t\t<\/div>\n\t\t\t\t\t<\/div>\n\t\t<\/div>\n\t\t\t\t<div class=\"elementor-column elementor-col-25 elementor-top-column elementor-element elementor-element-8dce43c\" data-id=\"8dce43c\" data-element_type=\"column\">\n\t\t\t<div class=\"elementor-widget-wrap elementor-element-populated\">\n\t\t\t\t\t\t<div class=\"elementor-element elementor-element-0bd1d3a elementor-view-framed elementor-shape-circle elementor-widget elementor-widget-icon\" data-id=\"0bd1d3a\" data-element_type=\"widget\" data-widget_type=\"icon.default\">\n\t\t\t\t<div class=\"elementor-widget-container\">\n\t\t\t\t\t\t\t<div class=\"elementor-icon-wrapper\">\n\t\t\t<div class=\"elementor-icon\">\n\t\t\t<i aria-hidden=\"true\" class=\"fas fa-gift\"><\/i>\t\t\t<\/div>\n\t\t<\/div>\n\t\t\t\t\t\t<\/div>\n\t\t\t\t<\/div>\n\t\t\t\t<div class=\"elementor-element elementor-element-d60000a elementor-widget elementor-widget-heading\" data-id=\"d60000a\" data-element_type=\"widget\" data-widget_type=\"heading.default\">\n\t\t\t\t<div class=\"elementor-widget-container\">\n\t\t\t\t\t<h2 class=\"elementor-heading-title elementor-size-default\">Avantajlar ve <br>\nHediyeler<\/h2>\t\t\t\t<\/div>\n\t\t\t\t<\/div>\n\t\t\t\t\t<\/div>\n\t\t<\/div>\n\t\t\t\t<div class=\"elementor-column elementor-col-25 elementor-top-column elementor-element elementor-element-04d2332\" data-id=\"04d2332\" data-element_type=\"column\">\n\t\t\t<div class=\"elementor-widget-wrap elementor-element-populated\">\n\t\t\t\t\t\t<div class=\"elementor-element elementor-element-5f77d4e elementor-view-framed elementor-shape-circle elementor-widget elementor-widget-icon\" data-id=\"5f77d4e\" data-element_type=\"widget\" data-widget_type=\"icon.default\">\n\t\t\t\t<div class=\"elementor-widget-container\">\n\t\t\t\t\t\t\t<div class=\"elementor-icon-wrapper\">\n\t\t\t<div class=\"elementor-icon\">\n\t\t\t<i aria-hidden=\"true\" class=\"far fa-smile\"><\/i>\t\t\t<\/div>\n\t\t<\/div>\n\t\t\t\t\t\t<\/div>\n\t\t\t\t<\/div>\n\t\t\t\t<div class=\"elementor-element elementor-element-4cb7002 elementor-widget elementor-widget-heading\" data-id=\"4cb7002\" data-element_type=\"widget\" data-widget_type=\"heading.default\">\n\t\t\t\t<div class=\"elementor-widget-container\">\n\t\t\t\t\t<h2 class=\"elementor-heading-title elementor-size-default\">Memnuniyet<br>\nGarantisi<\/h2>\t\t\t\t<\/div>\n\t\t\t\t<\/div>\n\t\t\t\t\t<\/div>\n\t\t<\/div>\n\t\t\t\t\t<\/div>\n\t\t<\/section>\n\t\t\t\t<\/div>","protected":false},"excerpt":{"rendered":"<p>HAKKIMIZDA Biz Kimiz Sa\u011fl\u0131kl\u0131 ya\u015fam\u0131n temsilcisi olarak, do\u011fan\u0131n \u00f6z\u00fcnden ilham alarak yola \u00e7\u0131kt\u0131k. Do\u011fa ve organik de\u011ferlere ba\u011fl\u0131 kalarak, ALOE VERA \u00f6zleriyle zenginle\u015ftirdi\u011fimiz derma kozmetik \u00fcr\u00fcnleri \u00fcreten bir ekip olarak g\u00fczellik ve sa\u011fl\u0131k aras\u0131nda g\u00fc\u00e7l\u00fc bir ba\u011f kuruyoruz. Ya\u015fam tarz\u0131n\u0131 destekleyen, \u00e7evre dostu ve etik bir yakla\u015f\u0131m ile \u00e7al\u0131\u015fan bir marka olarak, her \u00fcr\u00fcn\u00fcm\u00fczde kalite [&hellip;]<\/p>","protected":false},"author":1,"featured_media":0,"parent":0,"menu_order":0,"comment_status":"closed","ping_status":"closed","template":"elementor_header_footer","meta":{"footnotes":""},"class_list":["post-1633","page","type-page","status-publish","hentry"],"_links":{"self":[{"href":"https:\/\/dermazel.com\/en\/wp-json\/wp\/v2\/pages\/1633","targetHints":{"allow":["GET"]}}],"collection":[{"href":"https:\/\/dermazel.com\/en\/wp-json\/wp\/v2\/pages"}],"about":[{"href":"https:\/\/dermazel.com\/en\/wp-json\/wp\/v2\/types\/page"}],"author":[{"embeddable":true,"href":"https:\/\/dermazel.com\/en\/wp-json\/wp\/v2\/users\/1"}],"replies":[{"embeddable":true,"href":"https:\/\/dermazel.com\/en\/wp-json\/wp\/v2\/comments?post=1633"}],"version-history":[{"count":79,"href":"https:\/\/dermazel.com\/en\/wp-json\/wp\/v2\/pages\/1633\/revisions"}],"predecessor-version":[{"id":6057,"href":"https:\/\/dermazel.com\/en\/wp-json\/wp\/v2\/pages\/1633\/revisions\/6057"}],"wp:attachment":[{"href":"https:\/\/dermazel.com\/en\/wp-json\/wp\/v2\/media?parent=1633"}],"curies":[{"name":"wp","href":"https:\/\/api.w.org\/{rel}","templated":true}]}}