{"id":1605,"date":"2021-10-16T02:00:20","date_gmt":"2021-10-16T02:00:20","guid":{"rendered":"https:\/\/glowing.g5plus.net\/elementor\/?page_id=1605"},"modified":"2024-05-15T22:20:35","modified_gmt":"2024-05-15T19:20:35","slug":"iletisim","status":"publish","type":"page","link":"https:\/\/dermazel.com\/en\/iletisim\/","title":{"rendered":"\u0130leti\u015fim"},"content":{"rendered":"<div data-elementor-type=\"wp-page\" data-elementor-id=\"1605\" class=\"elementor elementor-1605\" data-elementor-post-type=\"page\">\n\t\t\t\t\t\t<section class=\"elementor-section elementor-top-section elementor-element elementor-element-b9988f9 elementor-section-boxed elementor-section-height-default elementor-section-height-default\" data-id=\"b9988f9\" data-element_type=\"section\" data-settings=\"{&quot;background_background&quot;:&quot;classic&quot;}\">\n\t\t\t\t\t\t<div class=\"elementor-container elementor-column-gap-default\">\n\t\t\t\t\t<div class=\"elementor-column elementor-col-100 elementor-top-column elementor-element elementor-element-604cbf7\" data-id=\"604cbf7\" data-element_type=\"column\">\n\t\t\t<div class=\"elementor-widget-wrap elementor-element-populated\">\n\t\t\t\t\t\t<div class=\"elementor-element elementor-element-c917222 elementor-align-center elementor-widget elementor-widget-ube-breadcrumbs\" data-id=\"c917222\" data-element_type=\"widget\" data-widget_type=\"ube-breadcrumbs.default\">\n\t\t\t\t<div class=\"elementor-widget-container\">\n\t\t\t\t\t<nav aria-label=\"breadcrumb\">\n\t\t<ol class=\"ube-breadcrumbs breadcrumbs list-unstyled d-inline-flex flex-wrap align-items-center m-0\"><li class=\"breadcrumb-item\"><a href=\"https:\/\/dermazel.com\/en\">Home<\/a><\/li><\/ol><\/nav>\t\t\t\t<\/div>\n\t\t\t\t<\/div>\n\t\t\t\t\t<\/div>\n\t\t<\/div>\n\t\t\t\t\t<\/div>\n\t\t<\/section>\n\t\t\t\t<section class=\"elementor-section elementor-top-section elementor-element elementor-element-617371ba029e5 elementor-section-boxed elementor-section-height-default elementor-section-height-default\" data-id=\"617371ba029e5\" data-element_type=\"section\">\n\t\t\t\t\t\t<div class=\"elementor-container elementor-column-gap-no\">\n\t\t\t\t\t<div class=\"elementor-column elementor-col-100 elementor-top-column elementor-element elementor-element-f764802\" data-id=\"f764802\" data-element_type=\"column\">\n\t\t\t<div class=\"elementor-widget-wrap elementor-element-populated\">\n\t\t\t\t\t\t<div class=\"elementor-element elementor-element-91bd1cd elementor-align-center elementor-widget elementor-widget-ube-heading\" data-id=\"91bd1cd\" data-element_type=\"widget\" data-widget_type=\"ube-heading.default\">\n\t\t\t\t<div class=\"elementor-widget-container\">\n\t\t\t\t\t<div class=\"ube-heading\">\n\t<h2 class=\"ube-heading-title\">Bizimle \u0130leti\u015fime Ge\u00e7in<\/h2><\/div>\t\t\t\t<\/div>\n\t\t\t\t<\/div>\n\t\t\t\t<section class=\"elementor-section elementor-inner-section elementor-element elementor-element-4dda8c5 elementor-section-boxed elementor-section-height-default elementor-section-height-default\" data-id=\"4dda8c5\" data-element_type=\"section\">\n\t\t\t\t\t\t<div class=\"elementor-container elementor-column-gap-default\">\n\t\t\t\t\t<div class=\"elementor-column elementor-col-50 elementor-inner-column elementor-element elementor-element-da30380\" data-id=\"da30380\" data-element_type=\"column\">\n\t\t\t<div class=\"elementor-widget-wrap elementor-element-populated\">\n\t\t\t\t\t\t<div class=\"elementor-element elementor-element-19ea472 ube-position-left elementor-view-default elementor-widget elementor-widget-ube-icon-box\" data-id=\"19ea472\" data-element_type=\"widget\" data-widget_type=\"ube-icon-box.default\">\n\t\t\t\t<div class=\"elementor-widget-container\">\n\t\t\t\t\t<div class=\"ube-icon-box-wrapper\">\n\t<div data-vivus=\"{&quot;type&quot;:&quot;delayed&quot;,&quot;duration&quot;:120,&quot;play_on_hover&quot;:&quot;yes&quot;}\" class=\"ube-icon-box\">\n\t\t\t\t\t<div class=\"ube-ib-icon\">\n\t\t\t\t<span class=\"elementor-icon\"><svg xmlns=\"http:\/\/www.w3.org\/2000\/svg\" width=\"40\" height=\"40\" viewbox=\"0 0 40 40\" fill=\"none\"><path d=\"M20 21.25C22.7614 21.25 25 19.0114 25 16.25C25 13.4886 22.7614 11.25 20 11.25C17.2386 11.25 15 13.4886 15 16.25C15 19.0114 17.2386 21.25 20 21.25Z\" stroke=\"url(#ube_svg_gradient_69da1af896bb6)\" class=\"ube-svg-stroke\" stroke-width=\"2\" stroke-linecap=\"round\" stroke-linejoin=\"round\"><\/path><path d=\"M32.5 16.25C32.5 27.5 20 36.25 20 36.25C20 36.25 7.5 27.5 7.5 16.25C7.5 12.9348 8.81696 9.75537 11.1612 7.41117C13.5054 5.06696 16.6848 3.75 20 3.75C23.3152 3.75 26.4946 5.06696 28.8388 7.41117C31.183 9.75537 32.5 12.9348 32.5 16.25V16.25Z\" stroke=\"url(#ube_svg_gradient_69da1af896bb6)\" class=\"ube-svg-stroke\" stroke-width=\"2\" stroke-linecap=\"round\" stroke-linejoin=\"round\"><\/path><\/svg><\/span>\t\t\t<\/div>\n\t\t\t\t\t\t\t<div class=\"ube-ib-content\">\n\t\t\t\t<h3 class=\"ube-ib-title mb-0\"><span >Adres<\/span><\/h3>\t\t\t\t\t\t\t<\/div>\n\t\t\t<\/div>\n\t<\/div>\n\n\t\t\t\t<\/div>\n\t\t\t\t<\/div>\n\t\t\t\t\t<\/div>\n\t\t<\/div>\n\t\t\t\t<div class=\"elementor-column elementor-col-50 elementor-inner-column elementor-element elementor-element-ce4049d\" data-id=\"ce4049d\" data-element_type=\"column\">\n\t\t\t<div class=\"elementor-widget-wrap elementor-element-populated\">\n\t\t\t\t\t\t<div class=\"elementor-element elementor-element-872b97b ube-position-left elementor-view-default elementor-widget elementor-widget-ube-icon-box\" data-id=\"872b97b\" data-element_type=\"widget\" data-widget_type=\"ube-icon-box.default\">\n\t\t\t\t<div class=\"elementor-widget-container\">\n\t\t\t\t\t<div class=\"ube-icon-box-wrapper\">\n\t<div data-vivus=\"{&quot;type&quot;:&quot;delayed&quot;,&quot;duration&quot;:120,&quot;play_on_hover&quot;:&quot;yes&quot;}\" class=\"ube-icon-box\">\n\t\t\t\t\t<div class=\"ube-ib-icon\">\n\t\t\t\t<span class=\"elementor-icon\"><svg xmlns=\"http:\/\/www.w3.org\/2000\/svg\" width=\"40\" height=\"40\" viewbox=\"0 0 40 40\" fill=\"none\"><path d=\"M24.9092 6.25C27.0282 6.8199 28.9603 7.9366 30.512 9.48823C32.0636 11.0399 33.1803 12.972 33.7502 15.091\" stroke=\"url(#ube_svg_gradient_69da1af89735a)\" class=\"ube-svg-stroke\" stroke-width=\"2\" stroke-linecap=\"round\" stroke-linejoin=\"round\"><\/path><path d=\"M23.6147 11.0808C24.8862 11.4228 26.0454 12.0928 26.9764 13.0238C27.9074 13.9548 28.5774 15.114 28.9194 16.3855\" stroke=\"url(#ube_svg_gradient_69da1af89735a)\" class=\"ube-svg-stroke\" stroke-width=\"2\" stroke-linecap=\"round\" stroke-linejoin=\"round\"><\/path><path d=\"M14.4494 19.5024C15.746 22.1532 17.8948 24.2922 20.5515 25.5767C20.7459 25.6689 20.9609 25.7088 21.1754 25.6925C21.3899 25.6763 21.5964 25.6045 21.7747 25.4842L25.6866 22.8757C25.8596 22.7603 26.0586 22.69 26.2657 22.6709C26.4728 22.6519 26.6813 22.6849 26.8724 22.7668L34.1907 25.9032C34.4393 26.0088 34.6469 26.1923 34.7821 26.4261C34.9173 26.6599 34.9729 26.9314 34.9405 27.1995C34.7092 29.0095 33.826 30.6732 32.4564 31.8789C31.0869 33.0847 29.3247 33.7499 27.5 33.75C21.8641 33.75 16.4591 31.5112 12.474 27.526C8.48883 23.5409 6.25 18.1359 6.25 12.5C6.2501 10.6753 6.9153 8.91314 8.12106 7.54356C9.32683 6.17397 10.9905 5.29084 12.8005 5.05953C13.0686 5.02708 13.34 5.08265 13.5739 5.21788C13.8077 5.3531 13.9912 5.56065 14.0968 5.80926L17.236 13.1339C17.3172 13.3234 17.3502 13.53 17.3323 13.7353C17.3143 13.9407 17.2458 14.1384 17.1329 14.3108L14.5335 18.2827C14.4152 18.4613 14.3453 18.6676 14.3305 18.8814C14.3158 19.0952 14.3567 19.3092 14.4494 19.5024V19.5024Z\" stroke=\"url(#ube_svg_gradient_69da1af89735a)\" class=\"ube-svg-stroke\" stroke-width=\"2\" stroke-linecap=\"round\" stroke-linejoin=\"round\"><\/path><\/svg><\/span>\t\t\t<\/div>\n\t\t\t\t\t\t\t<div class=\"ube-ib-content\">\n\t\t\t\t<h3 class=\"ube-ib-title mb-0\"><span >\u0130leti\u015fim Bilgileri<\/span><\/h3>\t\t\t\t\t\t\t\t\t<div class=\"ube-ib-desc mb-0\"><p style=\"margin-bottom: 4px\">Mobil:<span class=\"heading-color\"> 0532 113 70 26<\/span><\/p>\n\n<p class=\"mb-0\">E-mail: info@dermazel.com<\/p><\/div>\n\t\t\t\t\t\t\t<\/div>\n\t\t\t<\/div>\n\t<\/div>\n\n\t\t\t\t<\/div>\n\t\t\t\t<\/div>\n\t\t\t\t\t<\/div>\n\t\t<\/div>\n\t\t\t\t\t<\/div>\n\t\t<\/section>\n\t\t\t\t\t<\/div>\n\t\t<\/div>\n\t\t\t\t\t<\/div>\n\t\t<\/section>\n\t\t\t\t<section class=\"elementor-section elementor-top-section elementor-element elementor-element-6173720c9af26 elementor-section-boxed elementor-section-height-default elementor-section-height-default\" data-id=\"6173720c9af26\" data-element_type=\"section\">\n\t\t\t\t\t\t<div class=\"elementor-container elementor-column-gap-default\">\n\t\t\t\t\t<div class=\"elementor-column elementor-col-100 elementor-top-column elementor-element elementor-element-cd81215\" data-id=\"cd81215\" data-element_type=\"column\">\n\t\t\t<div class=\"elementor-widget-wrap elementor-element-populated\">\n\t\t\t\t\t\t<div class=\"elementor-element elementor-element-48987e1 elementor-align-center elementor-widget elementor-widget-ube-heading\" data-id=\"48987e1\" data-element_type=\"widget\" data-widget_type=\"ube-heading.default\">\n\t\t\t\t<div class=\"elementor-widget-container\">\n\t\t\t\t\t<div class=\"ube-heading\">\n\t<h2 class=\"ube-heading-title\">\u0130leti\u015fim Formu<\/h2><\/div>\t\t\t\t<\/div>\n\t\t\t\t<\/div>\n\t\t\t\t<div class=\"elementor-element elementor-element-ae7ba45 text-center ube-contact-form-7-button-custom elementor-widget elementor-widget-ube-contact-form-7\" data-id=\"ae7ba45\" data-element_type=\"widget\" data-widget_type=\"ube-contact-form-7.default\">\n\t\t\t\t<div class=\"elementor-widget-container\">\n\t\t\t\t\t    <div class=\"ube-contact-form-7-wrapper\">\n        <div class=\"ube-contact-form ube-contact-form-7 ube-contact-form-ae7ba45 ube-contact-form-7-button-custom\">\n\t\t\t\n<div class=\"wpcf7 no-js\" id=\"wpcf7-f675-o1\" lang=\"en-US\" dir=\"ltr\" data-wpcf7-id=\"675\">\n<div class=\"screen-reader-response\"><p role=\"status\" aria-live=\"polite\" aria-atomic=\"true\"><\/p> <ul><\/ul><\/div>\n<form action=\"\/en\/wp-json\/wp\/v2\/pages\/1605#wpcf7-f675-o1\" method=\"post\" class=\"wpcf7-form init\" aria-label=\"Contact form\" novalidate=\"novalidate\" data-status=\"init\" data-trp-original-action=\"\/en\/wp-json\/wp\/v2\/pages\/1605#wpcf7-f675-o1\">\n<fieldset class=\"hidden-fields-container\"><input type=\"hidden\" name=\"_wpcf7\" value=\"675\" \/><input type=\"hidden\" name=\"_wpcf7_version\" value=\"6.1.4\" \/><input type=\"hidden\" name=\"_wpcf7_locale\" value=\"en_US\" \/><input type=\"hidden\" name=\"_wpcf7_unit_tag\" value=\"wpcf7-f675-o1\" \/><input type=\"hidden\" name=\"_wpcf7_container_post\" value=\"0\" \/><input type=\"hidden\" name=\"_wpcf7_posted_data_hash\" value=\"\" \/>\n<\/fieldset>\n<div class=\"glowing-contact-form row\">\n\t<div class=\"item-contact name col-md-6 col-12\">\n\t\t<p><span class=\"wpcf7-form-control-wrap\" data-name=\"fullname\"><input size=\"40\" maxlength=\"400\" class=\"wpcf7-form-control wpcf7-text wpcf7-validates-as-required\" aria-required=\"true\" aria-invalid=\"false\" placeholder=\"\u0130sim Soyisim*\" value=\"\" type=\"text\" name=\"fullname\" \/><\/span>\n\t\t<\/p>\n\t<\/div>\n\t<div class=\"item-contact email col-md-6 col-12\">\n\t\t<p><span class=\"wpcf7-form-control-wrap\" data-name=\"email\"><input size=\"40\" maxlength=\"400\" class=\"wpcf7-form-control wpcf7-email wpcf7-validates-as-required wpcf7-text wpcf7-validates-as-email\" aria-required=\"true\" aria-invalid=\"false\" placeholder=\"Email*\" value=\"\" type=\"email\" name=\"email\" \/><\/span>\n\t\t<\/p>\n\t<\/div>\n\t<div class=\"item-contact comment col-12\">\n\t\t<p><span class=\"wpcf7-form-control-wrap\" data-name=\"messenger\"><textarea cols=\"40\" rows=\"10\" maxlength=\"2000\" class=\"wpcf7-form-control wpcf7-textarea wpcf7-validates-as-required\" aria-required=\"true\" aria-invalid=\"false\" placeholder=\"Mesaj\u0131n\u0131z\" name=\"messenger\"><\/textarea><\/span>\n\t\t<\/p>\n\t<\/div>\n\t<div class=\"item-contact submit col-12\">\n\t\t<p><input class=\"wpcf7-form-control wpcf7-submit has-spinner\" type=\"submit\" value=\"G\u00f6nder\" \/>\n\t\t<\/p>\n\t<\/div>\n<\/div><div class=\"wpcf7-response-output\" aria-hidden=\"true\"><\/div>\n<input type=\"hidden\" name=\"trp-form-language\" value=\"en\"\/><\/form>\n<\/div>\n        <\/div>\n    <\/div>\n\t\t\t\t<\/div>\n\t\t\t\t<\/div>\n\t\t\t\t\t<\/div>\n\t\t<\/div>\n\t\t\t\t\t<\/div>\n\t\t<\/section>\n\t\t\t\t<\/div>","protected":false},"excerpt":{"rendered":"<p>Home Bizimle \u0130leti\u015fime Ge\u00e7in &nbsp; Adres &nbsp; \u0130leti\u015fim Bilgileri Mobil: 0532 113 70 26 E-mail: info@dermazel.com \u0130leti\u015fim Formu<\/p>","protected":false},"author":1,"featured_media":0,"parent":0,"menu_order":0,"comment_status":"closed","ping_status":"closed","template":"elementor_header_footer","meta":{"footnotes":""},"class_list":["post-1605","page","type-page","status-publish","hentry"],"_links":{"self":[{"href":"https:\/\/dermazel.com\/en\/wp-json\/wp\/v2\/pages\/1605","targetHints":{"allow":["GET"]}}],"collection":[{"href":"https:\/\/dermazel.com\/en\/wp-json\/wp\/v2\/pages"}],"about":[{"href":"https:\/\/dermazel.com\/en\/wp-json\/wp\/v2\/types\/page"}],"author":[{"embeddable":true,"href":"https:\/\/dermazel.com\/en\/wp-json\/wp\/v2\/users\/1"}],"replies":[{"embeddable":true,"href":"https:\/\/dermazel.com\/en\/wp-json\/wp\/v2\/comments?post=1605"}],"version-history":[{"count":16,"href":"https:\/\/dermazel.com\/en\/wp-json\/wp\/v2\/pages\/1605\/revisions"}],"predecessor-version":[{"id":5676,"href":"https:\/\/dermazel.com\/en\/wp-json\/wp\/v2\/pages\/1605\/revisions\/5676"}],"wp:attachment":[{"href":"https:\/\/dermazel.com\/en\/wp-json\/wp\/v2\/media?parent=1605"}],"curies":[{"name":"wp","href":"https:\/\/api.w.org\/{rel}","templated":true}]}}